{"id":9,"date":"2017-02-03T08:25:20","date_gmt":"2017-02-03T05:25:20","guid":{"rendered":"http:\/\/themes.muffingroup.com\/betheme\/?page_id=9"},"modified":"2021-10-19T20:58:18","modified_gmt":"2021-10-19T17:58:18","slug":"hizmetlerimiz","status":"publish","type":"page","link":"http:\/\/demirbasosgb.com\/?page_id=9","title":{"rendered":"Hizmetlerimiz"},"content":{"rendered":"<p>[vc_row][vc_column][vc_custom_heading text=&#8221;DEM\u0130RBA\u015e O.S.G.B. OLARAK VERD\u0130\u011e\u0130M\u0130Z H\u0130ZMETLER&#8221; font_container=&#8221;tag:h1|text_align:center|color:%231e73be&#8221; google_fonts=&#8221;font_family:Montserrat%20Alternates%3Aregular%2C700|font_style:400%20regular%3A400%3Anormal&#8221;][vc_empty_space height=&#8221;10&#8243;][\/vc_column][\/vc_row][vc_row][vc_column width=&#8221;1\/3&#8243;][vc_custom_heading text=&#8221;\u0130\u015f G\u00fcvenli\u011fi Uzman\u0131 Hizmeti&#8221; font_container=&#8221;tag:h5|text_align:center|color:%23000000&#8243; google_fonts=&#8221;font_family:Montserrat%20Alternates%3Aregular%2C700|font_style:400%20regular%3A400%3Anormal&#8221; css=&#8221;.vc_custom_1548537033561{padding-top: 5px !important;padding-right: 5px !important;padding-bottom: 5px !important;padding-left: 5px !important;background-color: #e8e8e8 !important;border-radius: 5px !important;}&#8221; link=&#8221;url:http%3A%2F%2Fdemirbasosgb.com%2F%3Fpage_id%3D313|||&#8221;][vc_single_image image=&#8221;168&#8243; img_size=&#8221;350X200&#8243; alignment=&#8221;center&#8221; style=&#8221;vc_box_outline&#8221; border_color=&#8221;turquoise&#8221; onclick=&#8221;custom_link&#8221; css_animation=&#8221;fadeIn&#8221; link=&#8221;http:\/\/demirbasosgb.com\/?page_id=313&#8243;][vc_text_separator title=&#8221;Demirba\u015f O.S.G.B.&#8221;][\/vc_column][vc_column width=&#8221;1\/3&#8243;][vc_custom_heading text=&#8221;Risk De\u011ferlendirmesi Hizmeti&#8221; font_container=&#8221;tag:h5|text_align:center|color:%23000000&#8243; google_fonts=&#8221;font_family:Montserrat%20Alternates%3Aregular%2C700|font_style:400%20regular%3A400%3Anormal&#8221; css=&#8221;.vc_custom_1548537059900{padding-top: 5px !important;padding-right: 5px !important;padding-bottom: 5px !important;padding-left: 5px !important;background-color: #e8e8e8 !important;border-radius: 5px !important;}&#8221; link=&#8221;url:http%3A%2F%2Fdemirbasosgb.com%2F%3Fpage_id%3D316|||&#8221;][vc_single_image image=&#8221;170&#8243; img_size=&#8221;350X200&#8243; alignment=&#8221;center&#8221; style=&#8221;vc_box_outline&#8221; border_color=&#8221;turquoise&#8221; onclick=&#8221;custom_link&#8221; css_animation=&#8221;fadeIn&#8221; link=&#8221;http:\/\/demirbasosgb.com\/?page_id=316&#8243;][vc_text_separator title=&#8221;Demirba\u015f O.S.G.B.&#8221;][\/vc_column][vc_column width=&#8221;1\/3&#8243;][vc_custom_heading text=&#8221;Sa\u011fl\u0131k ve G\u00fcvenlik Plan\u0131 Hizmeti&#8221; font_container=&#8221;tag:h5|text_align:center|color:%23000000&#8243; google_fonts=&#8221;font_family:Montserrat%20Alternates%3Aregular%2C700|font_style:400%20regular%3A400%3Anormal&#8221; css=&#8221;.vc_custom_1548537081044{padding-top: 5px !important;padding-right: 5px !important;padding-bottom: 5px !important;padding-left: 5px !important;background-color: #e8e8e8 !important;border-radius: 5px !important;}&#8221; link=&#8221;url:http%3A%2F%2Fdemirbasosgb.com%2F%3Fpage_id%3D319|||&#8221;][vc_single_image image=&#8221;185&#8243; img_size=&#8221;350X200&#8243; alignment=&#8221;center&#8221; style=&#8221;vc_box_outline&#8221; border_color=&#8221;turquoise&#8221; onclick=&#8221;custom_link&#8221; css_animation=&#8221;fadeIn&#8221; link=&#8221;http:\/\/demirbasosgb.com\/?page_id=319&#8243;][vc_text_separator title=&#8221;Demirba\u015f O.S.G.B.&#8221;][\/vc_column][\/vc_row][vc_row][vc_column width=&#8221;1\/3&#8243;][vc_custom_heading text=&#8221;Yang\u0131n G\u00fcvenli\u011fi Hizmeti&#8221; font_container=&#8221;tag:h5|text_align:center|color:%23000000&#8243; google_fonts=&#8221;font_family:Montserrat%20Alternates%3Aregular%2C700|font_style:400%20regular%3A400%3Anormal&#8221; css=&#8221;.vc_custom_1548537110572{padding-top: 5px !important;padding-right: 5px !important;padding-bottom: 5px !important;padding-left: 5px !important;background-color: #e8e8e8 !important;border-radius: 5px !important;}&#8221; link=&#8221;url:http%3A%2F%2Fdemirbasosgb.com%2F%3Fpage_id%3D322|||&#8221;][vc_single_image image=&#8221;194&#8243; img_size=&#8221;350X200&#8243; alignment=&#8221;center&#8221; style=&#8221;vc_box_outline&#8221; border_color=&#8221;turquoise&#8221; onclick=&#8221;custom_link&#8221; css_animation=&#8221;fadeIn&#8221; link=&#8221;http:\/\/demirbasosgb.com\/?page_id=322&#8243;][vc_text_separator title=&#8221;Demirba\u015f O.S.G.B.&#8221;][\/vc_column][vc_column width=&#8221;1\/3&#8243;][vc_custom_heading text=&#8221;\u0130\u015f G\u00fcvenli\u011fi E\u011fitimi Hizmeti&#8221; font_container=&#8221;tag:h5|text_align:center|color:%23000000&#8243; google_fonts=&#8221;font_family:Montserrat%20Alternates%3Aregular%2C700|font_style:400%20regular%3A400%3Anormal&#8221; css=&#8221;.vc_custom_1548537133244{padding-top: 5px !important;padding-right: 5px !important;padding-bottom: 5px !important;padding-left: 5px !important;background-color: #e8e8e8 !important;border-radius: 5px !important;}&#8221; link=&#8221;url:http%3A%2F%2Fdemirbasosgb.com%2F%3Fpage_id%3D325|||&#8221;][vc_single_image image=&#8221;181&#8243; img_size=&#8221;350X200&#8243; alignment=&#8221;center&#8221; style=&#8221;vc_box_outline&#8221; border_color=&#8221;turquoise&#8221; onclick=&#8221;custom_link&#8221; css_animation=&#8221;fadeIn&#8221; link=&#8221;http:\/\/demirbasosgb.com\/?page_id=325&#8243;][vc_text_separator title=&#8221;Demirba\u015f O.S.G.B.&#8221;][\/vc_column][vc_column width=&#8221;1\/3&#8243;][vc_custom_heading text=&#8221;\u0130\u015f Yeri Hekimli\u011fi Hizmeti&#8221; font_container=&#8221;tag:h5|text_align:center|color:%23000000&#8243; google_fonts=&#8221;font_family:Montserrat%20Alternates%3Aregular%2C700|font_style:400%20regular%3A400%3Anormal&#8221; css=&#8221;.vc_custom_1548537160846{padding-top: 5px !important;padding-right: 5px !important;padding-bottom: 5px !important;padding-left: 5px !important;background-color: #e8e8e8 !important;border-radius: 5px !important;}&#8221; link=&#8221;url:http%3A%2F%2Fdemirbasosgb.com%2F%3Fpage_id%3D328|||&#8221;][vc_single_image image=&#8221;190&#8243; img_size=&#8221;350X200&#8243; alignment=&#8221;center&#8221; style=&#8221;vc_box_outline&#8221; border_color=&#8221;turquoise&#8221; onclick=&#8221;custom_link&#8221; css_animation=&#8221;fadeIn&#8221; link=&#8221;http:\/\/demirbasosgb.com\/?page_id=328&#8243;][vc_text_separator title=&#8221;Demirba\u015f O.S.G.B.&#8221;][\/vc_column][\/vc_row][vc_row][vc_column width=&#8221;1\/3&#8243;][vc_custom_heading text=&#8221;Acil Durum Plan\u0131 Hizmeti&#8221; font_container=&#8221;tag:h5|text_align:center|color:%23000000&#8243; google_fonts=&#8221;font_family:Montserrat%20Alternates%3Aregular%2C700|font_style:400%20regular%3A400%3Anormal&#8221; css=&#8221;.vc_custom_1558371627232{padding-top: 5px !important;padding-right: 5px !important;padding-bottom: 5px !important;padding-left: 5px !important;background-color: #e8e8e8 !important;border-radius: 5px !important;}&#8221; link=&#8221;url:http%3A%2F%2Fdemirbasosgb.com%2F%3Fpage_id%3D331|||&#8221;][vc_single_image image=&#8221;450&#8243; img_size=&#8221;medium&#8221; alignment=&#8221;center&#8221; style=&#8221;vc_box_outline&#8221; border_color=&#8221;turquoise&#8221; onclick=&#8221;custom_link&#8221; css_animation=&#8221;fadeIn&#8221; link=&#8221;http:\/\/demirbasosgb.com\/?page_id=331&#8243;][vc_text_separator title=&#8221;Demirba\u015f O.S.G.B.&#8221;][\/vc_column][vc_column width=&#8221;1\/3&#8243;][vc_custom_heading text=&#8221;\u0130\u015f Sa\u011fl\u0131\u011f\u0131 ve G\u00fcvenli\u011fi Ortam \u00d6l\u00e7\u00fcmleri&#8221; font_container=&#8221;tag:h5|text_align:center|color:%23000000&#8243; google_fonts=&#8221;font_family:Montserrat%20Alternates%3Aregular%2C700|font_style:400%20regular%3A400%3Anormal&#8221; css=&#8221;.vc_custom_1548537203798{padding-top: 5px !important;padding-right: 5px !important;padding-bottom: 5px !important;padding-left: 5px !important;background-color: #e8e8e8 !important;border-radius: 5px !important;}&#8221; link=&#8221;url:http%3A%2F%2Fdemirbasosgb.com%2F%3Fpage_id%3D334|||&#8221;][vc_single_image image=&#8221;302&#8243; img_size=&#8221;350X200&#8243; alignment=&#8221;center&#8221; style=&#8221;vc_box_outline&#8221; border_color=&#8221;turquoise&#8221; onclick=&#8221;custom_link&#8221; css_animation=&#8221;fadeIn&#8221; link=&#8221;http:\/\/demirbasosgb.com\/?page_id=334&#8243;][vc_text_separator title=&#8221;Demirba\u015f O.S.G.B.&#8221;][vc_custom_heading text=&#8221;Patlamadan Korunma D\u00f6k\u00fcman\u0131&#8221; font_container=&#8221;tag:h5|text_align:center|color:%23000000&#8243; google_fonts=&#8221;font_family:Montserrat%20Alternates%3Aregular%2C700|font_style:400%20regular%3A400%3Anormal&#8221; css=&#8221;.vc_custom_1548537250726{padding-top: 5px !important;padding-right: 5px !important;padding-bottom: 5px !important;padding-left: 5px !important;background-color: #e8e8e8 !important;border-radius: 5px !important;}&#8221; link=&#8221;url:http%3A%2F%2Fdemirbasosgb.com%2F%3Fpage_id%3D341|||&#8221;][vc_single_image image=&#8221;186&#8243; img_size=&#8221;350X200&#8243; alignment=&#8221;center&#8221; style=&#8221;vc_box_outline&#8221; border_color=&#8221;turquoise&#8221; onclick=&#8221;custom_link&#8221; css_animation=&#8221;fadeIn&#8221; link=&#8221;http:\/\/demirbasosgb.com\/?page_id=341&#8243;][vc_text_separator title=&#8221;Demirba\u015f O.S.G.B.&#8221;][\/vc_column][vc_column width=&#8221;1\/3&#8243;][vc_custom_heading text=&#8221;Periyodik Kontroller&#8221; font_container=&#8221;tag:h5|text_align:center|color:%23000000&#8243; google_fonts=&#8221;font_family:Montserrat%20Alternates%3Aregular%2C700|font_style:400%20regular%3A400%3Anormal&#8221; css=&#8221;.vc_custom_1548537232391{padding-top: 5px !important;padding-right: 5px !important;padding-bottom: 5px !important;padding-left: 5px !important;background-color: #e8e8e8 !important;border-radius: 5px !important;}&#8221; link=&#8221;url:http%3A%2F%2Fdemirbasosgb.com%2F%3Fpage_id%3D338|||&#8221;][vc_single_image image=&#8221;415&#8243; img_size=&#8221;350X200&#8243; alignment=&#8221;center&#8221; style=&#8221;vc_box_outline&#8221; border_color=&#8221;turquoise&#8221; onclick=&#8221;custom_link&#8221; css_animation=&#8221;fadeIn&#8221; link=&#8221;http:\/\/demirbasosgb.com\/?page_id=338&#8243;][vc_text_separator title=&#8221;Demirba\u015f O.S.G.B.&#8221;][\/vc_column][\/vc_row]<\/p>\n","protected":false},"excerpt":{"rendered":"<p>[vc_row][vc_column][vc_custom_heading text=&#8221;DEM\u0130RBA\u015e O.S.G.B. OLARAK VERD\u0130\u011e\u0130M\u0130Z H\u0130ZMETLER&#8221; font_container=&#8221;tag:h1|text_align:center|color:%231e73be&#8221; google_fonts=&#8221;font_family:Montserrat%20Alternates%3Aregular%2C700|font_style:400%20regular%3A400%3Anormal&#8221;][vc_empty_space height=&#8221;10&#8243;][\/vc_column][\/vc_row][vc_row][vc_column width=&#8221;1\/3&#8243;][vc_custom_heading text=&#8221;\u0130\u015f G\u00fcvenli\u011fi Uzman\u0131 Hizmeti&#8221; font_container=&#8221;tag:h5|text_align:center|color:%23000000&#8243; google_fonts=&#8221;font_family:Montserrat%20Alternates%3Aregular%2C700|font_style:400%20regular%3A400%3Anormal&#8221; css=&#8221;.vc_custom_1548537033561{padding-top: 5px !important;padding-right: 5px !important;padding-bottom: 5px !important;padding-left: 5px !important;background-color: #e8e8e8<span class=\"excerpt-hellip\"> [\u2026]<\/span><\/p>\n","protected":false},"author":1,"featured_media":0,"parent":0,"menu_order":0,"comment_status":"closed","ping_status":"closed","template":"","meta":[],"_links":{"self":[{"href":"http:\/\/demirbasosgb.com\/index.php?rest_route=\/wp\/v2\/pages\/9"}],"collection":[{"href":"http:\/\/demirbasosgb.com\/index.php?rest_route=\/wp\/v2\/pages"}],"about":[{"href":"http:\/\/demirbasosgb.com\/index.php?rest_route=\/wp\/v2\/types\/page"}],"author":[{"embeddable":true,"href":"http:\/\/demirbasosgb.com\/index.php?rest_route=\/wp\/v2\/users\/1"}],"replies":[{"embeddable":true,"href":"http:\/\/demirbasosgb.com\/index.php?rest_route=%2Fwp%2Fv2%2Fcomments&post=9"}],"version-history":[{"count":19,"href":"http:\/\/demirbasosgb.com\/index.php?rest_route=\/wp\/v2\/pages\/9\/revisions"}],"predecessor-version":[{"id":454,"href":"http:\/\/demirbasosgb.com\/index.php?rest_route=\/wp\/v2\/pages\/9\/revisions\/454"}],"wp:attachment":[{"href":"http:\/\/demirbasosgb.com\/index.php?rest_route=%2Fwp%2Fv2%2Fmedia&parent=9"}],"curies":[{"name":"wp","href":"https:\/\/api.w.org\/{rel}","templated":true}]}}