{"id":341,"date":"2019-01-26T23:39:46","date_gmt":"2019-01-26T20:39:46","guid":{"rendered":"http:\/\/demirbasosgb.com\/?page_id=341"},"modified":"2019-01-27T12:08:14","modified_gmt":"2019-01-27T09:08:14","slug":"patlamadankorunma","status":"publish","type":"page","link":"http:\/\/demirbasosgb.com\/?page_id=341","title":{"rendered":"Patlamadan Korunma"},"content":{"rendered":"<p>[vc_row][vc_column width=&#8221;1\/6&#8243;][\/vc_column][vc_column width=&#8221;2\/3&#8243;][vc_empty_space height=&#8221;20&#8243;][vc_single_image image=&#8221;186&#8243; img_size=&#8221;350&#215;200&#8243; alignment=&#8221;center&#8221; style=&#8221;vc_box_outline&#8221; border_color=&#8221;turquoise&#8221; title=&#8221;Patlamadan Korunma D\u00f6k\u00fcman\u0131&#8221;][vc_column_text]Patlamadan Korunma D\u00f6k\u00fcman\u0131<\/p>\n<p><span class=\"xr_tl xr_s0\">\u0130\u015fyerinde patlamaya yol a\u00e7acak maddeleri ve ortamlar\u0131 g\u00f6z \u00f6n\u00fcnde bulundurup;<\/span><\/p>\n<p><span class=\"xr_tl xr_s0\"><span class=\"xr_s1\">\u2022<\/span><\/span><span class=\"xr_tl xr_s1\"><span class=\"xr_s0\">\u00a0\u00a0\u00a0 Patlay\u0131c\u0131 ortam olu\u015fmas\u0131n\u0131 \u00f6nleyerek,<\/span><\/span><\/p>\n<p><span class=\"xr_tl xr_s1\"><span class=\"xr_s1\">\u2022<\/span><\/span><span class=\"xr_tl xr_s1\"><span class=\"xr_s0\">\u00a0\u00a0\u00a0 Patlay\u0131c\u0131 ortam tutu\u015fmas\u0131n\u0131 \u00f6nleyerek,<\/span><\/span><\/p>\n<p><span class=\"xr_tl xr_s1\"><span class=\"xr_s1\">\u2022<\/span><\/span><span class=\"xr_tl xr_s1\"><span class=\"xr_s0\">\u00a0\u00a0\u00a0 Patlaman\u0131n, \u00e7al\u0131\u015fanlar \u00fczerindeki zararl\u0131 etkilerini azaltacak tedbirler alarak,<\/span><\/span><\/p>\n<p><span class=\"xr_tl xr_s1\"><span class=\"xr_s1\">\u2022<\/span><\/span><span class=\"xr_tl xr_s1\"><span class=\"xr_s0\">\u00a0\u00a0\u00a0 \u0130\u015fyerinde kullan\u0131lan t\u00fcm ekipmanlar\u0131n sa\u011fl\u0131k ve g\u00fcvenlik \u015fartlar\u0131na uygunlu\u011funu kontrol ederek,<\/span><\/span><\/p>\n<p><span class=\"xr_tl xr_s1\"><span class=\"xr_s1\">\u2022<\/span><\/span><span class=\"xr_tl xr_s1\"><span class=\"xr_s0\">\u00a0\u00a0\u00a0 Patlama ile ilgili risk de\u011ferlendirmesi yaparak,<\/span><\/span><span class=\"xr_tl xr_s0\">Patlama ihtimali olan yerler ve ortamlar kontrol alt\u0131na al\u0131narak, <\/span><\/p>\n<p><span class=\"xr_tl xr_s0\">\u00e7al\u0131\u015fanlar\u0131n ve \u00e7evrenin patlaman\u0131n <\/span><span class=\"xr_tl xr_s0\">zararlar\u0131ndan korundu\u011fu Patlamadan Korunma Dok\u00fcman\u0131 haz\u0131rlan\u0131r.<\/span>[\/vc_column_text][\/vc_column][vc_column width=&#8221;1\/6&#8243;][\/vc_column][\/vc_row]<\/p>\n","protected":false},"excerpt":{"rendered":"<p>[vc_row][vc_column width=&#8221;1\/6&#8243;][\/vc_column][vc_column width=&#8221;2\/3&#8243;][vc_empty_space height=&#8221;20&#8243;][vc_single_image image=&#8221;186&#8243; img_size=&#8221;350&#215;200&#8243; alignment=&#8221;center&#8221; style=&#8221;vc_box_outline&#8221; border_color=&#8221;turquoise&#8221; title=&#8221;Patlamadan Korunma D\u00f6k\u00fcman\u0131&#8221;][vc_column_text]Patlamadan Korunma D\u00f6k\u00fcman\u0131 \u0130\u015fyerinde patlamaya yol a\u00e7acak maddeleri ve ortamlar\u0131 g\u00f6z \u00f6n\u00fcnde bulundurup; \u2022\u00a0\u00a0\u00a0 Patlay\u0131c\u0131<span class=\"excerpt-hellip\"> [\u2026]<\/span><\/p>\n","protected":false},"author":1,"featured_media":0,"parent":0,"menu_order":0,"comment_status":"closed","ping_status":"closed","template":"","meta":[],"_links":{"self":[{"href":"http:\/\/demirbasosgb.com\/index.php?rest_route=\/wp\/v2\/pages\/341"}],"collection":[{"href":"http:\/\/demirbasosgb.com\/index.php?rest_route=\/wp\/v2\/pages"}],"about":[{"href":"http:\/\/demirbasosgb.com\/index.php?rest_route=\/wp\/v2\/types\/page"}],"author":[{"embeddable":true,"href":"http:\/\/demirbasosgb.com\/index.php?rest_route=\/wp\/v2\/users\/1"}],"replies":[{"embeddable":true,"href":"http:\/\/demirbasosgb.com\/index.php?rest_route=%2Fwp%2Fv2%2Fcomments&post=341"}],"version-history":[{"count":4,"href":"http:\/\/demirbasosgb.com\/index.php?rest_route=\/wp\/v2\/pages\/341\/revisions"}],"predecessor-version":[{"id":400,"href":"http:\/\/demirbasosgb.com\/index.php?rest_route=\/wp\/v2\/pages\/341\/revisions\/400"}],"wp:attachment":[{"href":"http:\/\/demirbasosgb.com\/index.php?rest_route=%2Fwp%2Fv2%2Fmedia&parent=341"}],"curies":[{"name":"wp","href":"https:\/\/api.w.org\/{rel}","templated":true}]}}