{"id":338,"date":"2019-01-26T23:34:21","date_gmt":"2019-01-26T20:34:21","guid":{"rendered":"http:\/\/demirbasosgb.com\/?page_id=338"},"modified":"2019-01-28T11:13:13","modified_gmt":"2019-01-28T08:13:13","slug":"periyodik","status":"publish","type":"page","link":"http:\/\/demirbasosgb.com\/?page_id=338","title":{"rendered":"Periyodik Kontroller"},"content":{"rendered":"<p>[vc_row][vc_column width=&#8221;1\/6&#8243;][\/vc_column][vc_column width=&#8221;2\/3&#8243;][vc_empty_space height=&#8221;20&#8243;][vc_single_image image=&#8221;415&#8243; img_size=&#8221;350&#215;200&#8243; alignment=&#8221;center&#8221; style=&#8221;vc_box_outline&#8221; border_color=&#8221;turquoise&#8221; title=&#8221;Periyodik Kontroller&#8221;][vc_column_text]<\/p>\n<p class=\"first-header\" style=\"text-align: justify;\">Periyodik Kontroller<\/p>\n<p style=\"text-align: justify;\">\u00a0 \u00a0 \u00a0Periyodik test ve kontroller, makine veya i\u015f ekipman\u0131 kullan\u0131lan her i\u015fyerlerinde yap\u0131lmas\u0131 gereken ve makine muhendisi\/teknisyeni gibi teknik personeller taraf\u0131ndan yap\u0131lmas\u0131 gereken rutin i\u015flemlerdir. Makine ekipman\u0131n periyodik kontrol\u00fcyle ayn\u0131 arabalar\u0131n servise al\u0131nmas\u0131 gibi, ekipman\u0131n kullan\u0131m \u00f6mr\u00fcn\u00fc uzatma ve olas\u0131 kazalar\u0131n engellenmesi sa\u011flan\u0131r.<\/p>\n<p style=\"text-align: justify;\">PER\u0130YOD\u0130K TEST VE KONTROLLER\u0130N YASADAK\u0130 YER\u0130<\/p>\n<p style=\"text-align: justify;\">\u00a0 \u00a0 \u00a0 \u00a0\u0130\u015f Sa\u011fl\u0131\u011f\u0131 ve G\u00fcvenli\u011fi Yasas\u0131n\u0131n 10. maddesi, i\u015fyerinde maruz kal\u0131nan b\u00fct\u00fcn risklerden i\u015fvereni sorumlu tutar. Bu da i\u015fverene olas\u0131 tehlike kaynaklar\u0131 olan makine ve i\u015f ekipmanlar\u0131n\u0131n g\u00fcvenilirli\u011fini kontrol etme g\u00f6revini y\u00fckler.<\/p>\n<p style=\"text-align: justify;\">\u00a0 \u00a0 \u00a025 Nisan 2013 tarihinde yay\u0131nlanan \u0130\u015f Ekipmanlar\u0131n\u0131n Kullan\u0131m\u0131nda Sa\u011fl\u0131k ve G\u00fcvenlik \u015eartlar\u0131 Y\u00f6netmeli\u011finin 7. maddesi, i\u015fyerindeki makine ve i\u015f ekipmanlar\u0131n\u0131n yetkilendirilmi\u015f kurulu\u015f ve ki\u015filerce belirli aral\u0131klarla test ve kontrolden ge\u00e7irilmesi ve denetim raporlar\u0131n\u0131n ar\u015fivlenmesini belirtir. Denetim raporlar\u0131 denetimi yapan ki\u015fiye bir sorumluluk y\u00fckler, b\u00f6ylece denetim yapm\u0131\u015f ve denetim raporuna kullan\u0131lmas\u0131nda sak\u0131nca yoktur yazarak imzalam\u0131\u015f ki\u015fi i\u015fini lay\u0131k\u0131yla yapar. Aksi takdirde daha sonra olu\u015facak bir kazada kontrol\u00fc yapan ki\u015fi sorumlular aras\u0131nda yer alacakt\u0131r.<\/p>\n<p style=\"text-align: justify;\">\u00a0 \u00a0 \u0130\u015f ortam\u0131nda kullan\u0131lan b\u00fct\u00fcn makine ve ekipmanlar yasa ile belirlenen aral\u0131klarda bir makine m\u00fchendisi taraf\u0131ndan kontrol edilmelidir. Bu i\u015flemin amac\u0131 \u00fcretici firman\u0131n r\u00fctin kontroller s\u0131ras\u0131nda kontrol ettiklerinin ba\u011f\u0131ms\u0131z bir kurulu\u015f taraf\u0131ndan daha detayl\u0131 kontrol edilmesidir. \u00dcretici firman\u0131n kontrollerinin kanunlar kar\u015f\u0131s\u0131nda hi\u00e7bir y\u00fck\u00fcml\u00fcl\u00fc\u011f\u00fc olmad\u0131\u011f\u0131 gibi as\u0131l sorumluluk periyodik kontrol\u00fc yapan firmadad\u0131r.<\/p>\n<p>[\/vc_column_text][\/vc_column][vc_column width=&#8221;1\/6&#8243;][\/vc_column][\/vc_row]<\/p>\n","protected":false},"excerpt":{"rendered":"<p>[vc_row][vc_column width=&#8221;1\/6&#8243;][\/vc_column][vc_column width=&#8221;2\/3&#8243;][vc_empty_space height=&#8221;20&#8243;][vc_single_image image=&#8221;415&#8243; img_size=&#8221;350&#215;200&#8243; alignment=&#8221;center&#8221; style=&#8221;vc_box_outline&#8221; border_color=&#8221;turquoise&#8221; title=&#8221;Periyodik Kontroller&#8221;][vc_column_text] Periyodik Kontroller \u00a0 \u00a0 \u00a0Periyodik test ve kontroller, makine veya i\u015f ekipman\u0131 kullan\u0131lan her i\u015fyerlerinde<span class=\"excerpt-hellip\"> [\u2026]<\/span><\/p>\n","protected":false},"author":1,"featured_media":0,"parent":0,"menu_order":0,"comment_status":"closed","ping_status":"closed","template":"","meta":[],"_links":{"self":[{"href":"http:\/\/demirbasosgb.com\/index.php?rest_route=\/wp\/v2\/pages\/338"}],"collection":[{"href":"http:\/\/demirbasosgb.com\/index.php?rest_route=\/wp\/v2\/pages"}],"about":[{"href":"http:\/\/demirbasosgb.com\/index.php?rest_route=\/wp\/v2\/types\/page"}],"author":[{"embeddable":true,"href":"http:\/\/demirbasosgb.com\/index.php?rest_route=\/wp\/v2\/users\/1"}],"replies":[{"embeddable":true,"href":"http:\/\/demirbasosgb.com\/index.php?rest_route=%2Fwp%2Fv2%2Fcomments&post=338"}],"version-history":[{"count":4,"href":"http:\/\/demirbasosgb.com\/index.php?rest_route=\/wp\/v2\/pages\/338\/revisions"}],"predecessor-version":[{"id":417,"href":"http:\/\/demirbasosgb.com\/index.php?rest_route=\/wp\/v2\/pages\/338\/revisions\/417"}],"wp:attachment":[{"href":"http:\/\/demirbasosgb.com\/index.php?rest_route=%2Fwp%2Fv2%2Fmedia&parent=338"}],"curies":[{"name":"wp","href":"https:\/\/api.w.org\/{rel}","templated":true}]}}