{"id":334,"date":"2019-01-26T23:28:14","date_gmt":"2019-01-26T20:28:14","guid":{"rendered":"http:\/\/demirbasosgb.com\/?page_id=334"},"modified":"2019-01-27T12:06:48","modified_gmt":"2019-01-27T09:06:48","slug":"ortamolcum","status":"publish","type":"page","link":"http:\/\/demirbasosgb.com\/?page_id=334","title":{"rendered":"\u0130\u015f Sa\u011fl\u0131\u011f\u0131 ve G\u00fcvenli\u011fi Ortam \u00d6l\u00e7\u00fcmleri"},"content":{"rendered":"<p>[vc_row][vc_column width=&#8221;1\/6&#8243;][\/vc_column][vc_column width=&#8221;2\/3&#8243;][vc_empty_space height=&#8221;20&#8243;][vc_single_image image=&#8221;302&#8243; img_size=&#8221;350&#215;200&#8243; alignment=&#8221;center&#8221; style=&#8221;vc_box_outline&#8221; border_color=&#8221;turquoise&#8221; title=&#8221;\u0130\u015f Sa\u011fl\u0131\u011f\u0131 ve G\u00fcvenli\u011fi Ortam \u00d6l\u00e7\u00fcmleri&#8221;][vc_column_text]<\/p>\n<p style=\"text-align: justify;\">\u0130\u015f Sa\u011fl\u0131\u011f\u0131 ve G\u00fcvenli\u011fi Ortam \u00d6l\u00e7\u00fcmleri<\/p>\n<p style=\"text-align: justify;\">\u00a0 \u00a0 \u00a0\u0130\u015f G\u00fcvenli\u011fi Kanunu kapsam\u0131nda \u00e7\u0131kan \u201c\u0130\u015f Hijyeni \u00d6l\u00e7\u00fcm Test ve Analizi Yapan Laboratuvarlar Hakk\u0131nda Y\u00f6netmelik\u201d gere\u011fi i\u015fverenler, i\u015f sa\u011fl\u0131\u011f\u0131 ve g\u00fcvenli\u011fi y\u00f6n\u00fcnden \u00e7al\u0131\u015fma ortam\u0131na ve \u00e7al\u0131\u015fanlar\u0131n bu ortamda maruz kald\u0131\u011f\u0131 risklerin belirlenmesine y\u00f6nelik gerekli kontrol,\u00a0<em>ortam \u00f6l\u00e7\u00fcm\u00fc<\/em>, inceleme ve ara\u015ft\u0131rmalar\u0131n yap\u0131lmas\u0131n\u0131 sa\u011flamakla y\u00fck\u00fcml\u00fcd\u00fcr.\u00a0Bakanl\u0131k denetimlerinde veya ana firman\u0131n denetimlerinde\u00a0i\u015fyeri \u00e7al\u0131\u015fma ortam\u0131 hakk\u0131nda \u00c7al\u0131\u015fma Sosyal G\u00fcvenlik Bakanl\u0131\u011f\u0131 (\u0130SG\u00dcM) den\u00a0<strong>Yetkili \u0130\u015f hijyeni laboratuvar\u0131<\/strong>\u00a0taraf\u0131ndan verilen raporlar istenilmektedir. Bir tak\u0131m riskler g\u00f6zle g\u00f6r\u00fcn\u00fcr veya anla\u015f\u0131l\u0131r \u015fekilde fark ediliyor olabilir. Fakat maruziyet seviyesi tespit edilerek gerekli \u00f6nlemleri daha sa\u011fl\u0131kl\u0131 al\u0131nmas\u0131na yard\u0131mc\u0131 olur.\u00a0<em>G\u00fcr\u00fclt\u00fc<\/em>,<em>Toz<\/em>\u00a0veya\u00a0<em>Kimyasal<\/em>\u00a0<em>maruziyet,<\/em>\u00a0meslek hastal\u0131\u011f\u0131na yakalanma riski kuvvetle muhtemel oldu\u011fundan; S\u0131n\u0131r de\u011ferleri a\u015fan ki\u015fi veya b\u00f6l\u00fcmlerde maruziyeti kabul edilebilir seviyelere \u00e7ekmek ve gerekli tetkikleri yaparak g\u00f6zetim alt\u0131nda tutulmas\u0131 gereklidir.\u00a0<strong>\u0130\u015fyeri ortam \u00f6l\u00e7\u00fcm\u00fc<\/strong>\u00a0ve\u00a0<strong>ki\u015fisel maruziyet \u00f6l\u00e7\u00fcm\u00fc<\/strong>\u00a0olarak 2 stratejide \u00f6l\u00e7\u00fcm yap\u0131labilir. \u00d6nemle belirtmek gerekir ki; Ki\u015fisel maruziyet \u00f6l\u00e7\u00fcmlerinde ilgili y\u00f6netmelikteki s\u0131n\u0131r de\u011fer kar\u015f\u0131la\u015ft\u0131rmas\u0131 yap\u0131l\u0131r. Fakat\u00a0<em>ortam \u00f6l\u00e7\u00fcmleri<\/em>\u00a0i\u00e7in b\u00f6yle bir k\u0131yaslama yap\u0131lamayaca\u011f\u0131n\u0131 hat\u0131rlatmak gerekir. Ortam i\u00e7in sadece bilgi ama\u00e7l\u0131 \u00f6l\u00e7\u00fcmleme yap\u0131laca\u011f\u0131ndan maruziyet kapsam\u0131nda olmayacakt\u0131r, haliyle y\u00f6netmelikteki s\u0131n\u0131r de\u011fer kar\u015f\u0131la\u015ft\u0131rmas\u0131na girilemez.<\/p>\n<ul style=\"text-align: justify;\">\n<li>Ortam\u00a0G\u00fcr\u00fclt\u00fc \u00d6l\u00e7\u00fcmleri: (<strong>Ki\u015fisel G\u00fcr\u00fclt\u00fc Maruziyeti, Ortam G\u00fcr\u00fclt\u00fc<\/strong>)<\/li>\n<li>Ortam Toz \u00d6l\u00e7\u00fcmleri:\u00a0\u00a0(<strong>Solunabilir\u00a0Toz \u00d6l\u00e7\u00fcm\u00fc, Ortam Toz \u00d6l\u00e7\u00fcmleri<\/strong>)<\/li>\n<li>Titre\u015fim \u00d6l\u00e7\u00fcmleri:\u00a0(<strong>El-Kol Titre\u015fimi, T\u00fcm V\u00fccut Titre\u015fimi<\/strong>)<\/li>\n<li>\u0130\u00e7 Ortam Ayd\u0131nlatma:\u00a0<strong>(I\u015f\u0131k \u015eiddeti)<\/strong><\/li>\n<li>Termal Konfor \u00d6l\u00e7\u00fcmleri:\u00a0<strong>(Is\u0131,Nem,Hava Ak\u0131m H\u0131z\u0131)<\/strong><\/li>\n<li>Gaz ve Kimyasal\u00a0(VOC)\u00a0\u00d6l\u00e7\u00fcmleri:\u00a0<strong>(Ki\u015fisel Gaz Maruziyet)<\/strong><\/li>\n<li>Elektromanyetik Alan \u00d6l\u00e7\u00fcmleri:\u00a0\u00a0(<strong>Elektromanyetik Radyasyon)<\/strong><\/li>\n<\/ul>\n<h2 class=\"entry-title \" style=\"text-align: justify;\">Ortam \u00d6l\u00e7\u00fcmleri Nelerdir?<\/h2>\n<div class=\"entry-content core-projects\">\n<p style=\"text-align: justify;\"><em>\u00a0 \u00a0 \u00a0Ortam \u00f6l\u00e7\u00fcmleri nelerdir?<\/em>\u00a0ve neden yap\u0131lmal\u0131d\u0131r sorusu genellikle i\u015fverenlerin sordu\u011fu sorudur ? Cevab\u0131 detayl\u0131 ele al\u0131rsak.<\/p>\n<p style=\"text-align: justify;\">\u00a0 \u00a0 \u00a030.06.2012 tarih ve 28339 say\u0131l\u0131 Resmi Gazetede yay\u0131mlanarak y\u00fcr\u00fcrl\u00fc\u011fe giren 6331 Say\u0131l\u0131 \u0130\u015f Sa\u011fl\u0131\u011f\u0131 ve G\u00fcvenli\u011fi Yasas\u0131\u2019n\u0131n 10 uncu maddesine g\u00f6re i\u015fverenler, i\u015f sa\u011fl\u0131\u011f\u0131 ve g\u00fcvenli\u011fi y\u00f6n\u00fcnden \u00e7al\u0131\u015fma ortam\u0131na ve \u00e7al\u0131\u015fanlar\u0131n bu ortamda maruz kald\u0131\u011f\u0131 risklerin belirlenmesine y\u00f6nelik gerekli kontrol, \u00f6l\u00e7\u00fcm, inceleme ve ara\u015ft\u0131rmalar\u0131n yap\u0131lmas\u0131n\u0131 sa\u011flamakla y\u00fck\u00fcml\u00fcd\u00fcr.<\/p>\n<p style=\"text-align: justify;\">\u00a0 \u00a0 \u00a0 \u0130\u015fveren gerekli\u00a0<strong>ortam \u00f6l\u00e7\u00fcm\u00fc<\/strong>, test ve analizlerini risk de\u011ferlendirmesine ba\u011fl\u0131 olarak yapt\u0131r\u0131r. \u0130\u015fyeri ortam\u0131n\u0131n veya i\u015fin gere\u011fi olarak ki\u015fisel maruziyetlerde farkl\u0131l\u0131k olu\u015ftu\u011funda, i\u015fyeri hekimi veya i\u015f g\u00fcvenli\u011fi uzman\u0131n\u0131n gerekli g\u00f6rmesi halinde\u00a0<strong>i\u015f hijyeni \u00f6l\u00e7\u00fcmleri\u00a0<\/strong>test ve analizleri\u00a0tekrarlan\u0131r.<\/p>\n<\/div>\n<p>[\/vc_column_text][\/vc_column][vc_column width=&#8221;1\/6&#8243;][\/vc_column][\/vc_row]<\/p>\n","protected":false},"excerpt":{"rendered":"<p>[vc_row][vc_column width=&#8221;1\/6&#8243;][\/vc_column][vc_column width=&#8221;2\/3&#8243;][vc_empty_space height=&#8221;20&#8243;][vc_single_image image=&#8221;302&#8243; img_size=&#8221;350&#215;200&#8243; alignment=&#8221;center&#8221; style=&#8221;vc_box_outline&#8221; border_color=&#8221;turquoise&#8221; title=&#8221;\u0130\u015f Sa\u011fl\u0131\u011f\u0131 ve G\u00fcvenli\u011fi Ortam \u00d6l\u00e7\u00fcmleri&#8221;][vc_column_text] \u0130\u015f Sa\u011fl\u0131\u011f\u0131 ve G\u00fcvenli\u011fi Ortam \u00d6l\u00e7\u00fcmleri \u00a0 \u00a0 \u00a0\u0130\u015f G\u00fcvenli\u011fi Kanunu<span class=\"excerpt-hellip\"> [\u2026]<\/span><\/p>\n","protected":false},"author":1,"featured_media":0,"parent":0,"menu_order":0,"comment_status":"closed","ping_status":"closed","template":"","meta":[],"_links":{"self":[{"href":"http:\/\/demirbasosgb.com\/index.php?rest_route=\/wp\/v2\/pages\/334"}],"collection":[{"href":"http:\/\/demirbasosgb.com\/index.php?rest_route=\/wp\/v2\/pages"}],"about":[{"href":"http:\/\/demirbasosgb.com\/index.php?rest_route=\/wp\/v2\/types\/page"}],"author":[{"embeddable":true,"href":"http:\/\/demirbasosgb.com\/index.php?rest_route=\/wp\/v2\/users\/1"}],"replies":[{"embeddable":true,"href":"http:\/\/demirbasosgb.com\/index.php?rest_route=%2Fwp%2Fv2%2Fcomments&post=334"}],"version-history":[{"count":5,"href":"http:\/\/demirbasosgb.com\/index.php?rest_route=\/wp\/v2\/pages\/334\/revisions"}],"predecessor-version":[{"id":399,"href":"http:\/\/demirbasosgb.com\/index.php?rest_route=\/wp\/v2\/pages\/334\/revisions\/399"}],"wp:attachment":[{"href":"http:\/\/demirbasosgb.com\/index.php?rest_route=%2Fwp%2Fv2%2Fmedia&parent=334"}],"curies":[{"name":"wp","href":"https:\/\/api.w.org\/{rel}","templated":true}]}}