{"id":328,"date":"2019-01-26T23:24:24","date_gmt":"2019-01-26T20:24:24","guid":{"rendered":"http:\/\/demirbasosgb.com\/?page_id=328"},"modified":"2019-01-26T23:59:33","modified_gmt":"2019-01-26T20:59:33","slug":"isyerihemligi","status":"publish","type":"page","link":"http:\/\/demirbasosgb.com\/?page_id=328","title":{"rendered":"\u0130\u015f Yeri Hekimli\u011fi Hizmeti"},"content":{"rendered":"<p>[vc_row][vc_column width=&#8221;1\/6&#8243;][\/vc_column][vc_column width=&#8221;2\/3&#8243;][vc_empty_space height=&#8221;20&#8243;][vc_single_image image=&#8221;190&#8243; img_size=&#8221;350&#215;200&#8243; alignment=&#8221;center&#8221; style=&#8221;vc_box_outline&#8221; border_color=&#8221;turquoise&#8221; title=&#8221;\u0130\u015f Yeri Hekimli\u011fi Hizmeti&#8221;][vc_column_text]\u0130\u015f Yeri Hekimli\u011fi Hizmeti<\/p>\n<p>\u2022\u00a0\u00a0\u00a0 \u0130\u015fverene, i\u015f sa\u011fl\u0131\u011f\u0131 konusunda rehberlik ve dan\u0131\u015fmanl\u0131k yapmak<\/p>\n<p>\u2022\u00a0\u00a0\u00a0 \u00c7al\u0131\u015fanlar\u0131n i\u015fe giri\u015f ve periyodik sa\u011fl\u0131k muayenelerini yapmak<\/p>\n<p>\u2022\u00a0\u00a0\u00a0 \u00c7al\u0131\u015fanlara genel sa\u011fl\u0131k konular\u0131nda e\u011fitim vermek<\/p>\n<p>\u2022\u00a0\u00a0\u00a0 \u0130\u015fin y\u00fcr\u00fct\u00fcm\u00fcndeki ergonomik ve psikososyal riskleri de\u011ferlendirerek, i\u015f ile i\u015f\u00e7inin uyumunu sa\u011flamak<\/p>\n<p>\u2022\u00a0\u00a0\u00a0 \u0130\u015f sa\u011fl\u0131\u011f\u0131 ve g\u00fcvenli\u011fi kurulu \u00e7al\u0131\u015fmalar\u0131na kat\u0131lmak<\/p>\n<p>\u2022\u00a0\u00a0\u00a0 \u0130\u015fyerindeki g\u00f6zetim ve denetim sistemi \u00e7al\u0131\u015fmalar\u0131na kat\u0131lmak<\/p>\n<p>\u2022\u00a0\u00a0\u00a0 Kantin, yemekhane, yatakhane, kre\u015f ve emzirme odalar\u0131 ile soyunma odalar\u0131,\u00a0 du\u015f ve tuvaletlerin bak\u0131m\u0131 ve temizli\u011fi konusunda gerekli kontrolleri yapmak<\/p>\n<p>\u2022\u00a0\u00a0\u00a0 \u0130\u015f g\u00fcvenli\u011fi \u00f6nc\u00fcl\u00fc\u011f\u00fcnde yap\u0131lan risk de\u011ferlendirmesi \u00e7al\u0131\u015fmalar\u0131na kat\u0131lmak<\/p>\n<p>\u2022\u00a0\u00a0\u00a0 \u0130\u015fyerindeki risklerin de\u011ferlendirilmesi ve \u00f6nlenmesi ile ilgili mevzuata uygun koruyucu sa\u011fl\u0131k muayenelerini yapmak<\/p>\n<p>\u2022\u00a0\u00a0\u00a0 Gece vardiyalar\u0131 da d\u00e2hil olmak \u00fczere i\u015f\u00e7ilerin sa\u011fl\u0131k g\u00f6zetimini yapmak<\/p>\n<p>\u2022\u00a0\u00a0\u00a0 \u0130\u015fyerindeki genel hijyen \u015fartlar\u0131n\u0131 denetlemek<\/p>\n<p>\u2022\u00a0\u00a0\u00a0 Y\u0131ll\u0131k \u00e7al\u0131\u015fma plan\u0131 haz\u0131rlamak.[\/vc_column_text][\/vc_column][vc_column width=&#8221;1\/6&#8243;][\/vc_column][\/vc_row]<\/p>\n","protected":false},"excerpt":{"rendered":"<p>[vc_row][vc_column width=&#8221;1\/6&#8243;][\/vc_column][vc_column width=&#8221;2\/3&#8243;][vc_empty_space height=&#8221;20&#8243;][vc_single_image image=&#8221;190&#8243; img_size=&#8221;350&#215;200&#8243; alignment=&#8221;center&#8221; style=&#8221;vc_box_outline&#8221; border_color=&#8221;turquoise&#8221; title=&#8221;\u0130\u015f Yeri Hekimli\u011fi Hizmeti&#8221;][vc_column_text]\u0130\u015f Yeri Hekimli\u011fi Hizmeti \u2022\u00a0\u00a0\u00a0 \u0130\u015fverene, i\u015f sa\u011fl\u0131\u011f\u0131 konusunda rehberlik ve dan\u0131\u015fmanl\u0131k yapmak \u2022\u00a0\u00a0\u00a0<span class=\"excerpt-hellip\"> [\u2026]<\/span><\/p>\n","protected":false},"author":1,"featured_media":0,"parent":0,"menu_order":0,"comment_status":"closed","ping_status":"closed","template":"","meta":[],"_links":{"self":[{"href":"http:\/\/demirbasosgb.com\/index.php?rest_route=\/wp\/v2\/pages\/328"}],"collection":[{"href":"http:\/\/demirbasosgb.com\/index.php?rest_route=\/wp\/v2\/pages"}],"about":[{"href":"http:\/\/demirbasosgb.com\/index.php?rest_route=\/wp\/v2\/types\/page"}],"author":[{"embeddable":true,"href":"http:\/\/demirbasosgb.com\/index.php?rest_route=\/wp\/v2\/users\/1"}],"replies":[{"embeddable":true,"href":"http:\/\/demirbasosgb.com\/index.php?rest_route=%2Fwp%2Fv2%2Fcomments&post=328"}],"version-history":[{"count":3,"href":"http:\/\/demirbasosgb.com\/index.php?rest_route=\/wp\/v2\/pages\/328\/revisions"}],"predecessor-version":[{"id":360,"href":"http:\/\/demirbasosgb.com\/index.php?rest_route=\/wp\/v2\/pages\/328\/revisions\/360"}],"wp:attachment":[{"href":"http:\/\/demirbasosgb.com\/index.php?rest_route=%2Fwp%2Fv2%2Fmedia&parent=328"}],"curies":[{"name":"wp","href":"https:\/\/api.w.org\/{rel}","templated":true}]}}