{"id":325,"date":"2019-01-26T23:22:13","date_gmt":"2019-01-26T20:22:13","guid":{"rendered":"http:\/\/demirbasosgb.com\/?page_id=325"},"modified":"2019-01-26T23:57:45","modified_gmt":"2019-01-26T20:57:45","slug":"isguvenligiegitimi","status":"publish","type":"page","link":"http:\/\/demirbasosgb.com\/?page_id=325","title":{"rendered":"\u0130\u015f G\u00fcvenli\u011fi E\u011fitimi Hizmeti"},"content":{"rendered":"<p>[vc_row][vc_column width=&#8221;1\/6&#8243;][\/vc_column][vc_column width=&#8221;2\/3&#8243;][vc_empty_space height=&#8221;20&#8243;][vc_single_image image=&#8221;181&#8243; img_size=&#8221;350&#215;200&#8243; alignment=&#8221;center&#8221; style=&#8221;vc_box_outline&#8221; border_color=&#8221;turquoise&#8221; title=&#8221;\u0130\u015f G\u00fcvenli\u011fi E\u011fitimi Hizmeti&#8221;][vc_column_text]\u0130\u015f G\u00fcvenli\u011fi E\u011fitimi Hizmeti<\/p>\n<p>\u0130\u015fyerlerinde sa\u011fl\u0131kl\u0131 ve g\u00fcvenlikli bir ortam olu\u015fturmak i\u00e7in, \u00e7al\u0131\u015fanlara a\u015fa\u011f\u0131daki konular\u0131 i\u00e7eren \u0130\u015f G\u00fcvenli\u011fi E\u011fitimi verilmektedir;<\/p>\n<p>\u2022\u00a0\u00a0\u00a0 Genel i\u015f sa\u011fl\u0131\u011f\u0131 ve g\u00fcvenli\u011fi kurallar\u0131,<\/p>\n<p>\u2022\u00a0\u00a0\u00a0 \u0130\u015f kazalar\u0131 ve meslek hastal\u0131klar\u0131n sebepleri ve i\u015fyerindeki riskler,<\/p>\n<p>\u2022\u00a0\u00a0\u00a0 \u0130\u015f ekipmanlar\u0131n\u0131n g\u00fcvenli kullan\u0131m\u0131,<\/p>\n<p>\u2022\u00a0\u00a0\u00a0 \u00c7al\u0131\u015fanlar\u0131n yasal hak ve sorumluluklar\u0131,<\/p>\n<p>\u2022\u00a0\u00a0\u00a0 Yasal mevzuat ile ilgili bilgiler,<\/p>\n<p>\u2022\u00a0\u00a0\u00a0 \u0130\u015fyerinde g\u00fcvenli ortam ve sistemleri kurma,<\/p>\n<p>\u2022\u00a0\u00a0\u00a0 Ki\u015fisel koruyucu alet kullan\u0131m\u0131,<\/p>\n<p>\u2022\u00a0\u00a0\u00a0 Ekranl\u0131 ekipmanlarla \u00e7al\u0131\u015fma,<\/p>\n<p>\u2022\u00a0\u00a0\u00a0 Uyar\u0131 i\u015faretleri,<\/p>\n<p>\u2022\u00a0\u00a0\u00a0 Kimyasal, fiziksel ve biyolojik maddelerle ortaya \u00e7\u0131kan riskler,<\/p>\n<p>\u2022\u00a0\u00a0\u00a0 Temizlik ve d\u00fczen,<\/p>\n<p>\u2022\u00a0\u00a0\u00a0 Yang\u0131n olay\u0131 ve yang\u0131ndan korunma,<\/p>\n<p>\u2022\u00a0\u00a0\u00a0 Elektrik, tehlikeleri, riskleri ve \u00f6nlemleri.<\/p>\n<p>&nbsp;[\/vc_column_text][\/vc_column][vc_column width=&#8221;1\/6&#8243;][\/vc_column][\/vc_row]<\/p>\n","protected":false},"excerpt":{"rendered":"<p>[vc_row][vc_column width=&#8221;1\/6&#8243;][\/vc_column][vc_column width=&#8221;2\/3&#8243;][vc_empty_space height=&#8221;20&#8243;][vc_single_image image=&#8221;181&#8243; img_size=&#8221;350&#215;200&#8243; alignment=&#8221;center&#8221; style=&#8221;vc_box_outline&#8221; border_color=&#8221;turquoise&#8221; title=&#8221;\u0130\u015f G\u00fcvenli\u011fi E\u011fitimi Hizmeti&#8221;][vc_column_text]\u0130\u015f G\u00fcvenli\u011fi E\u011fitimi Hizmeti \u0130\u015fyerlerinde sa\u011fl\u0131kl\u0131 ve g\u00fcvenlikli bir ortam olu\u015fturmak i\u00e7in, \u00e7al\u0131\u015fanlara a\u015fa\u011f\u0131daki<span class=\"excerpt-hellip\"> [\u2026]<\/span><\/p>\n","protected":false},"author":1,"featured_media":0,"parent":0,"menu_order":0,"comment_status":"closed","ping_status":"closed","template":"","meta":[],"_links":{"self":[{"href":"http:\/\/demirbasosgb.com\/index.php?rest_route=\/wp\/v2\/pages\/325"}],"collection":[{"href":"http:\/\/demirbasosgb.com\/index.php?rest_route=\/wp\/v2\/pages"}],"about":[{"href":"http:\/\/demirbasosgb.com\/index.php?rest_route=\/wp\/v2\/types\/page"}],"author":[{"embeddable":true,"href":"http:\/\/demirbasosgb.com\/index.php?rest_route=\/wp\/v2\/users\/1"}],"replies":[{"embeddable":true,"href":"http:\/\/demirbasosgb.com\/index.php?rest_route=%2Fwp%2Fv2%2Fcomments&post=325"}],"version-history":[{"count":3,"href":"http:\/\/demirbasosgb.com\/index.php?rest_route=\/wp\/v2\/pages\/325\/revisions"}],"predecessor-version":[{"id":356,"href":"http:\/\/demirbasosgb.com\/index.php?rest_route=\/wp\/v2\/pages\/325\/revisions\/356"}],"wp:attachment":[{"href":"http:\/\/demirbasosgb.com\/index.php?rest_route=%2Fwp%2Fv2%2Fmedia&parent=325"}],"curies":[{"name":"wp","href":"https:\/\/api.w.org\/{rel}","templated":true}]}}