{"id":266,"date":"2019-01-26T16:45:02","date_gmt":"2019-01-26T13:45:02","guid":{"rendered":"http:\/\/demirbasosgb.com\/?page_id=266"},"modified":"2019-01-28T11:14:19","modified_gmt":"2019-01-28T08:14:19","slug":"misyon","status":"publish","type":"page","link":"http:\/\/demirbasosgb.com\/?page_id=266","title":{"rendered":"Misyon &#038; Vizyon"},"content":{"rendered":"<p>[vc_row][vc_column][vc_empty_space][vc_custom_heading text=&#8221;Misyon &#038; Vizyon&#8221; font_container=&#8221;tag:h2|font_size:36|text_align:center|color:%231e73be&#8221; google_fonts=&#8221;font_family:Montserrat%20Alternates%3Aregular%2C700|font_style:400%20regular%3A400%3Anormal&#8221;][vc_empty_space height=&#8221;20&#8243;][vc_column_text]<\/p>\n<h4 style=\"text-align: justify;\"><span style=\"font-size: 14pt;\">\u00a0 \u00a0 \u00a0<span style=\"font-size: 12pt;\">Firmam\u0131z i\u015f sa\u011fl\u0131\u011f\u0131 ve g\u00fcvenli\u011fi konusunda hizmet verdi\u011fi firmalara d\u00fcnya standartlar\u0131 d\u00fczeyinde \u00e7\u00f6z\u00fcmler sunmak, i\u015f kazalar\u0131n\u0131 ve meslek hastal\u0131klar\u0131n\u0131 s\u0131f\u0131ra indirmek ilkesiyle yola \u00e7\u0131km\u0131\u015ft\u0131r. Hizmet verdi\u011fimiz i\u015f yerlerine ve \u00e7al\u0131\u015fanlar\u0131na sa\u011fl\u0131kl\u0131, g\u00fcvenli ve verimli bir \u00e7al\u0131\u015fma ortam\u0131 sa\u011flamay\u0131, g\u00fcncel mevzuat dan\u0131\u015fmanl\u0131\u011f\u0131 ve rehberli\u011fi ger\u00e7ekle\u015ftirmeyi hedef edinmi\u015ftir.\u00a0<\/span><\/span><\/h4>\n<p>[\/vc_column_text][\/vc_column][\/vc_row][vc_row][vc_column][vc_images_carousel images=&#8221;268,269,270,271,272,273&#8243; img_size=&#8221;medium&#8221; slides_per_view=&#8221;4&#8243; autoplay=&#8221;yes&#8221; wrap=&#8221;yes&#8221;][\/vc_column][\/vc_row]<\/p>\n","protected":false},"excerpt":{"rendered":"<p>[vc_row][vc_column][vc_empty_space][vc_custom_heading text=&#8221;Misyon &#038; Vizyon&#8221; font_container=&#8221;tag:h2|font_size:36|text_align:center|color:%231e73be&#8221; google_fonts=&#8221;font_family:Montserrat%20Alternates%3Aregular%2C700|font_style:400%20regular%3A400%3Anormal&#8221;][vc_empty_space height=&#8221;20&#8243;][vc_column_text] \u00a0 \u00a0 \u00a0Firmam\u0131z i\u015f sa\u011fl\u0131\u011f\u0131 ve g\u00fcvenli\u011fi konusunda hizmet verdi\u011fi firmalara d\u00fcnya standartlar\u0131 d\u00fczeyinde \u00e7\u00f6z\u00fcmler sunmak, i\u015f kazalar\u0131n\u0131 ve<span class=\"excerpt-hellip\"> [\u2026]<\/span><\/p>\n","protected":false},"author":1,"featured_media":0,"parent":0,"menu_order":0,"comment_status":"closed","ping_status":"closed","template":"","meta":[],"_links":{"self":[{"href":"http:\/\/demirbasosgb.com\/index.php?rest_route=\/wp\/v2\/pages\/266"}],"collection":[{"href":"http:\/\/demirbasosgb.com\/index.php?rest_route=\/wp\/v2\/pages"}],"about":[{"href":"http:\/\/demirbasosgb.com\/index.php?rest_route=\/wp\/v2\/types\/page"}],"author":[{"embeddable":true,"href":"http:\/\/demirbasosgb.com\/index.php?rest_route=\/wp\/v2\/users\/1"}],"replies":[{"embeddable":true,"href":"http:\/\/demirbasosgb.com\/index.php?rest_route=%2Fwp%2Fv2%2Fcomments&post=266"}],"version-history":[{"count":5,"href":"http:\/\/demirbasosgb.com\/index.php?rest_route=\/wp\/v2\/pages\/266\/revisions"}],"predecessor-version":[{"id":418,"href":"http:\/\/demirbasosgb.com\/index.php?rest_route=\/wp\/v2\/pages\/266\/revisions\/418"}],"wp:attachment":[{"href":"http:\/\/demirbasosgb.com\/index.php?rest_route=%2Fwp%2Fv2%2Fmedia&parent=266"}],"curies":[{"name":"wp","href":"https:\/\/api.w.org\/{rel}","templated":true}]}}